{"id":226,"date":"2025-10-07T10:32:16","date_gmt":"2025-10-07T10:32:16","guid":{"rendered":"https:\/\/karllagerfeldresidenceslisboa.com\/?page_id=226"},"modified":"2025-10-17T19:24:47","modified_gmt":"2025-10-17T19:24:47","slug":"politica-de-cookies","status":"publish","type":"page","link":"https:\/\/karllagerfeldresidenceslisboa.com\/en\/politica-de-cookies\/","title":{"rendered":"Cookies Policy"},"content":{"rendered":"<div data-elementor-type=\"wp-page\" data-elementor-id=\"226\" class=\"elementor elementor-226\" data-elementor-post-type=\"page\">\n\t\t\t\t<div class=\"elementor-element elementor-element-4a22aaa e-flex e-con-boxed e-con e-parent\" data-id=\"4a22aaa\" data-element_type=\"container\" data-e-type=\"container\">\n\t\t\t\t\t<div class=\"e-con-inner\">\n\t\t<div class=\"elementor-element elementor-element-3d19d77 e-con-full e-flex e-con e-child\" data-id=\"3d19d77\" data-element_type=\"container\" data-e-type=\"container\">\n\t\t<div class=\"elementor-element elementor-element-711b789 e-con-full e-flex e-con e-child\" data-id=\"711b789\" data-element_type=\"container\" data-e-type=\"container\">\n\t\t<div class=\"elementor-element elementor-element-73f539a e-flex e-con-boxed e-con e-child\" data-id=\"73f539a\" data-element_type=\"container\" data-e-type=\"container\">\n\t\t\t\t\t<div class=\"e-con-inner\">\n\t\t\t\t<div class=\"elementor-element elementor-element-aeb4760 elementor-widget elementor-widget-image\" data-id=\"aeb4760\" data-element_type=\"widget\" data-e-type=\"widget\" data-widget_type=\"image.default\">\n\t\t\t\t\t\t\t\t\t\t\t\t\t\t\t\t<a href=\"https:\/\/karllagerfeldresidenceslisboa.com\/en\/\">\n\t\t\t\t\t\t\t<img fetchpriority=\"high\" decoding=\"async\" width=\"800\" height=\"322\" src=\"https:\/\/karllagerfeldresidenceslisboa.com\/wp-content\/uploads\/2025\/10\/KL_LOGO_PRETO-1024x412.png\" class=\"attachment-large size-large wp-image-432\" alt=\"\" srcset=\"https:\/\/karllagerfeldresidenceslisboa.com\/wp-content\/uploads\/2025\/10\/KL_LOGO_PRETO-1024x412.png 1024w, https:\/\/karllagerfeldresidenceslisboa.com\/wp-content\/uploads\/2025\/10\/KL_LOGO_PRETO-300x121.png 300w, https:\/\/karllagerfeldresidenceslisboa.com\/wp-content\/uploads\/2025\/10\/KL_LOGO_PRETO-768x309.png 768w, https:\/\/karllagerfeldresidenceslisboa.com\/wp-content\/uploads\/2025\/10\/KL_LOGO_PRETO-1536x617.png 1536w, https:\/\/karllagerfeldresidenceslisboa.com\/wp-content\/uploads\/2025\/10\/KL_LOGO_PRETO-2048x823.png 2048w, https:\/\/karllagerfeldresidenceslisboa.com\/wp-content\/uploads\/2025\/10\/KL_LOGO_PRETO-18x7.png 18w\" sizes=\"(max-width: 800px) 100vw, 800px\" \/>\t\t\t\t\t\t\t\t<\/a>\n\t\t\t\t\t\t\t\t\t\t\t\t\t\t\t<\/div>\n\t\t\t\t\t<\/div>\n\t\t\t\t<\/div>\n\t\t<div class=\"elementor-element elementor-element-0782f67 e-flex e-con-boxed e-con e-child\" data-id=\"0782f67\" data-element_type=\"container\" data-e-type=\"container\">\n\t\t\t\t\t<div class=\"e-con-inner\">\n\t\t\t\t<div class=\"elementor-element elementor-element-5a9b17e elementor-widget elementor-widget-text-editor\" data-id=\"5a9b17e\" data-element_type=\"widget\" data-e-type=\"widget\" data-widget_type=\"text-editor.default\">\n\t\t\t\t\t\t\t\t\t<p><a href=\"https:\/\/karllagerfeldresidenceslisboa.com\/en\/\">Home<\/a>\u00a0 \u2022 <strong>Cookies Policy<\/strong><\/p>\t\t\t\t\t\t\t\t<\/div>\n\t\t\t\t\t<\/div>\n\t\t\t\t<\/div>\n\t\t\t\t<\/div>\n\t\t\t\t<div class=\"elementor-element elementor-element-91708d9 elementor-widget elementor-widget-spacer\" data-id=\"91708d9\" data-element_type=\"widget\" data-e-type=\"widget\" data-widget_type=\"spacer.default\">\n\t\t\t\t\t\t\t<div class=\"elementor-spacer\">\n\t\t\t<div class=\"elementor-spacer-inner\"><\/div>\n\t\t<\/div>\n\t\t\t\t\t\t<\/div>\n\t\t<div class=\"elementor-element elementor-element-3f97d32 e-con-full e-flex e-con e-child\" data-id=\"3f97d32\" data-element_type=\"container\" data-e-type=\"container\">\n\t\t<div class=\"elementor-element elementor-element-6451596 e-con-full e-flex e-con e-child\" data-id=\"6451596\" data-element_type=\"container\" data-e-type=\"container\">\n\t\t\t\t<div class=\"elementor-element elementor-element-cbc6cd0 elementor-widget elementor-widget-heading\" data-id=\"cbc6cd0\" data-element_type=\"widget\" data-e-type=\"widget\" data-widget_type=\"heading.default\">\n\t\t\t\t\t<h2 class=\"elementor-heading-title elementor-size-default\">Cookies Policy<\/h2>\t\t\t\t<\/div>\n\t\t\t\t<div class=\"elementor-element elementor-element-14c8603 elementor-widget elementor-widget-text-editor\" data-id=\"14c8603\" data-element_type=\"widget\" data-e-type=\"widget\" data-widget_type=\"text-editor.default\">\n\t\t\t\t\t\t\t\t\t<p>Effective Date: August 1, 2025<\/p>\t\t\t\t\t\t\t\t<\/div>\n\t\t\t\t<div class=\"elementor-element elementor-element-cc828cb elementor-widget elementor-widget-text-editor\" data-id=\"cc828cb\" data-element_type=\"widget\" data-e-type=\"widget\" data-widget_type=\"text-editor.default\">\n\t\t\t\t\t\t\t\t\t<p>This Cookies Policy explains how our website uses cookies and similar tracking technologies to enhance your browsing experience, understand how the site is used, and provide personalized content and advertising.<\/p>\t\t\t\t\t\t\t\t<\/div>\n\t\t\t\t<div class=\"elementor-element elementor-element-d6e8076 elementor-widget elementor-widget-heading\" data-id=\"d6e8076\" data-element_type=\"widget\" data-e-type=\"widget\" data-widget_type=\"heading.default\">\n\t\t\t\t\t<h2 class=\"elementor-heading-title elementor-size-default\">1. What Are Cookies?<\/h2>\t\t\t\t<\/div>\n\t\t\t\t<div class=\"elementor-element elementor-element-63c12b0 elementor-widget elementor-widget-text-editor\" data-id=\"63c12b0\" data-element_type=\"widget\" data-e-type=\"widget\" data-widget_type=\"text-editor.default\">\n\t\t\t\t\t\t\t\t\tCookies are small text files stored on your device when you visit a website. They help websites remember your actions and preferences (such as login details, language, or region) for a period of time, so you don\u2019t have to keep re-entering them whenever you return to the site.\t\t\t\t\t\t\t\t<\/div>\n\t\t\t\t<div class=\"elementor-element elementor-element-1d9b1d1 elementor-widget elementor-widget-heading\" data-id=\"1d9b1d1\" data-element_type=\"widget\" data-e-type=\"widget\" data-widget_type=\"heading.default\">\n\t\t\t\t\t<h2 class=\"elementor-heading-title elementor-size-default\">2. Types of Cookies We May Use<\/h2>\t\t\t\t<\/div>\n\t\t\t\t<div class=\"elementor-element elementor-element-4a12620 elementor-widget elementor-widget-text-editor\" data-id=\"4a12620\" data-element_type=\"widget\" data-e-type=\"widget\" data-widget_type=\"text-editor.default\">\n\t\t\t\t\t\t\t\t\t<p>We reserve the right to use the following categories of cookies on our website:<\/p><ul><li class=\"translation-block\"><strong>Strictly Necessary Cookies:<\/strong> Essential for website operation and cannot be disabled on our systems.<\/li><li class=\"translation-block\"><strong>Performance and Analytics Cookies:<\/strong> Collect information about how visitors use the site (e.g., pages visited, time spent). We use tools such as Google Analytics and Meta Pixel to analyze this data to improve our services.\u2028<\/li><li class=\"translation-block\"><strong>Functionality Cookies:<\/strong> Remember choices you make (such as language preferences) to provide enhanced, personalized features.\u2028<\/li><li class=\"translation-block\"><strong>Advertising and Targeting Cookies:<\/strong> Used to deliver advertisements relevant to you based on your interests. We may use services like Google Ads, Facebook Ads, and retargeting technologies.\u2028<\/li><li class=\"translation-block\"><strong>Third-Party Cookies:<\/strong> Our site may include embedded content (such as videos or maps) provided by third parties, which may set their own cookies.\u2028<\/li><\/ul>\t\t\t\t\t\t\t\t<\/div>\n\t\t\t\t<div class=\"elementor-element elementor-element-9aa8c7a elementor-widget elementor-widget-heading\" data-id=\"9aa8c7a\" data-element_type=\"widget\" data-e-type=\"widget\" data-widget_type=\"heading.default\">\n\t\t\t\t\t<h2 class=\"elementor-heading-title elementor-size-default\">3. Managing Cookies and Consent<\/h2>\t\t\t\t<\/div>\n\t\t\t\t<div class=\"elementor-element elementor-element-82fbc76 elementor-widget elementor-widget-text-editor\" data-id=\"82fbc76\" data-element_type=\"widget\" data-e-type=\"widget\" data-widget_type=\"text-editor.default\">\n\t\t\t\t\t\t\t\t\tWhen you first visit our site, you may see a cookie consent banner allowing you to accept or reject non-essential cookies. You can manage your cookie preferences by:\n<ul>\n \t<li>Adjusting your browser settings to block or delete cookies\u2028<\/li>\n \t<li>Using the consent management tool on our website (if applicable)<\/li>\n<\/ul><br\/>\nPlease note that blocking some cookies may impact your experience on the website.\t\t\t\t\t\t\t\t<\/div>\n\t\t\t\t<div class=\"elementor-element elementor-element-e3727e7 elementor-widget elementor-widget-spacer\" data-id=\"e3727e7\" data-element_type=\"widget\" data-e-type=\"widget\" data-widget_type=\"spacer.default\">\n\t\t\t\t\t\t\t<div class=\"elementor-spacer\">\n\t\t\t<div class=\"elementor-spacer-inner\"><\/div>\n\t\t<\/div>\n\t\t\t\t\t\t<\/div>\n\t\t\t\t<\/div>\n\t\t\t\t<\/div>\n\t\t\t\t<\/div>\n\t\t\t\t\t<\/div>\n\t\t\t\t<\/div>\n\t\t<div class=\"elementor-element elementor-element-40549f1 elementor-hidden-tablet e-flex e-con-boxed e-con e-parent\" data-id=\"40549f1\" data-element_type=\"container\" data-e-type=\"container\" data-settings=\"{&quot;background_background&quot;:&quot;classic&quot;}\">\n\t\t\t\t\t<div class=\"e-con-inner\">\n\t\t<div class=\"elementor-element elementor-element-6178f00 e-con-full e-flex e-con e-child\" data-id=\"6178f00\" data-element_type=\"container\" data-e-type=\"container\">\n\t\t\t\t<div class=\"elementor-element elementor-element-918d0ca elementor-widget elementor-widget-heading\" data-id=\"918d0ca\" data-element_type=\"widget\" data-e-type=\"widget\" data-widget_type=\"heading.default\">\n\t\t\t\t\t<h2 class=\"elementor-heading-title elementor-size-default\">Location<\/h2>\t\t\t\t<\/div>\n\t\t\t\t<div class=\"elementor-element elementor-element-26592fe elementor-widget elementor-widget-text-editor\" data-id=\"26592fe\" data-element_type=\"widget\" data-e-type=\"widget\" data-widget_type=\"text-editor.default\">\n\t\t\t\t\t\t\t\t\tR. Braamcamp 48\u2028<\/br>1250-051 Lisboa, Portugal\t\t\t\t\t\t\t\t<\/div>\n\t\t\t\t<\/div>\n\t\t<div class=\"elementor-element elementor-element-b07187a e-con-full e-flex e-con e-child\" data-id=\"b07187a\" data-element_type=\"container\" data-e-type=\"container\">\n\t\t\t\t<div class=\"elementor-element elementor-element-7899968 elementor-widget elementor-widget-heading\" data-id=\"7899968\" data-element_type=\"widget\" data-e-type=\"widget\" data-widget_type=\"heading.default\">\n\t\t\t\t\t<h2 class=\"elementor-heading-title elementor-size-default\">CONTACT<\/h2>\t\t\t\t<\/div>\n\t\t\t\t<div class=\"elementor-element elementor-element-d98d05c elementor-widget elementor-widget-text-editor\" data-id=\"d98d05c\" data-element_type=\"widget\" data-e-type=\"widget\" data-widget_type=\"text-editor.default\">\n\t\t\t\t\t\t\t\t\t+351 911 741 900<br\/>\n<a href=\"mailto:info@karllagerfeldresidenceslisboa.com\">info@karllagerfeldresidenceslisboa.com<\/a>\t\t\t\t\t\t\t\t<\/div>\n\t\t\t\t<\/div>\n\t\t<div class=\"elementor-element elementor-element-a2e03b6 e-con-full e-flex e-con e-child\" data-id=\"a2e03b6\" data-element_type=\"container\" data-e-type=\"container\">\n\t\t\t\t<div class=\"elementor-element elementor-element-23de448 elementor-widget elementor-widget-image\" data-id=\"23de448\" data-element_type=\"widget\" data-e-type=\"widget\" data-widget_type=\"image.default\">\n\t\t\t\t\t\t\t\t\t\t\t\t\t\t\t<img decoding=\"async\" width=\"704\" height=\"64\" src=\"https:\/\/karllagerfeldresidenceslisboa.com\/wp-content\/uploads\/2025\/10\/logo-kl.webp\" class=\"attachment-large size-large wp-image-341\" alt=\"\" srcset=\"https:\/\/karllagerfeldresidenceslisboa.com\/wp-content\/uploads\/2025\/10\/logo-kl.webp 704w, https:\/\/karllagerfeldresidenceslisboa.com\/wp-content\/uploads\/2025\/10\/logo-kl-300x27.webp 300w\" sizes=\"(max-width: 704px) 100vw, 704px\" \/>\t\t\t\t\t\t\t\t\t\t\t\t\t\t\t<\/div>\n\t\t\t\t<\/div>\n\t\t<div class=\"elementor-element elementor-element-b68307d e-con-full e-flex e-con e-child\" data-id=\"b68307d\" data-element_type=\"container\" data-e-type=\"container\">\n\t\t\t\t<div class=\"elementor-element elementor-element-d0e7047 elementor-widget elementor-widget-image\" data-id=\"d0e7047\" data-element_type=\"widget\" data-e-type=\"widget\" data-widget_type=\"image.default\">\n\t\t\t\t\t\t\t\t\t\t\t\t\t\t\t\t<a href=\"https:\/\/overseasglobal.com\" target=\"_blank\">\n\t\t\t\t\t\t\t<img decoding=\"async\" width=\"800\" height=\"325\" src=\"https:\/\/karllagerfeldresidenceslisboa.com\/wp-content\/uploads\/2025\/10\/Overseas-LOGO-RGB-1024x416.png\" class=\"attachment-large size-large wp-image-123\" alt=\"\" srcset=\"https:\/\/karllagerfeldresidenceslisboa.com\/wp-content\/uploads\/2025\/10\/Overseas-LOGO-RGB-1024x416.png 1024w, https:\/\/karllagerfeldresidenceslisboa.com\/wp-content\/uploads\/2025\/10\/Overseas-LOGO-RGB-300x122.png 300w, https:\/\/karllagerfeldresidenceslisboa.com\/wp-content\/uploads\/2025\/10\/Overseas-LOGO-RGB-768x312.png 768w, https:\/\/karllagerfeldresidenceslisboa.com\/wp-content\/uploads\/2025\/10\/Overseas-LOGO-RGB-1536x624.png 1536w, https:\/\/karllagerfeldresidenceslisboa.com\/wp-content\/uploads\/2025\/10\/Overseas-LOGO-RGB.png 1921w\" sizes=\"(max-width: 800px) 100vw, 800px\" \/>\t\t\t\t\t\t\t\t<\/a>\n\t\t\t\t\t\t\t\t\t\t\t\t\t\t\t<\/div>\n\t\t\t\t<\/div>\n\t\t\t\t\t<\/div>\n\t\t\t\t<\/div>\n\t\t<div class=\"elementor-element elementor-element-90365ad elementor-hidden-desktop elementor-hidden-mobile e-flex e-con-boxed e-con e-parent\" data-id=\"90365ad\" data-element_type=\"container\" data-e-type=\"container\" data-settings=\"{&quot;background_background&quot;:&quot;classic&quot;}\">\n\t\t\t\t\t<div class=\"e-con-inner\">\n\t\t<div class=\"elementor-element elementor-element-2b68d2b e-con-full e-flex e-con e-child\" data-id=\"2b68d2b\" data-element_type=\"container\" data-e-type=\"container\">\n\t\t\t\t<div class=\"elementor-element elementor-element-0ad1ab9 elementor-widget elementor-widget-heading\" data-id=\"0ad1ab9\" data-element_type=\"widget\" data-e-type=\"widget\" data-widget_type=\"heading.default\">\n\t\t\t\t\t<h2 class=\"elementor-heading-title elementor-size-default\">Location<\/h2>\t\t\t\t<\/div>\n\t\t\t\t<div class=\"elementor-element elementor-element-4618366 elementor-widget elementor-widget-text-editor\" data-id=\"4618366\" data-element_type=\"widget\" data-e-type=\"widget\" data-widget_type=\"text-editor.default\">\n\t\t\t\t\t\t\t\t\tR. Braamcamp 48\u2028<\/br>1250-051 Lisboa, Portugal\t\t\t\t\t\t\t\t<\/div>\n\t\t\t\t<\/div>\n\t\t<div class=\"elementor-element elementor-element-e1bcaf6 e-con-full e-flex e-con e-child\" data-id=\"e1bcaf6\" data-element_type=\"container\" data-e-type=\"container\">\n\t\t\t\t<div class=\"elementor-element elementor-element-a6b3f35 elementor-widget elementor-widget-heading\" data-id=\"a6b3f35\" data-element_type=\"widget\" data-e-type=\"widget\" data-widget_type=\"heading.default\">\n\t\t\t\t\t<h2 class=\"elementor-heading-title elementor-size-default\">CONTACT<\/h2>\t\t\t\t<\/div>\n\t\t\t\t<div class=\"elementor-element elementor-element-b5cb7db elementor-widget elementor-widget-text-editor\" data-id=\"b5cb7db\" data-element_type=\"widget\" data-e-type=\"widget\" data-widget_type=\"text-editor.default\">\n\t\t\t\t\t\t\t\t\t+351 911 741 900<br\/>\n<a href=\"mailto:info@karllagerfeldresidenceslisboa.com\">info@karllagerfeldresidenceslisboa.com<\/a>\t\t\t\t\t\t\t\t<\/div>\n\t\t\t\t<\/div>\n\t\t\t\t\t<\/div>\n\t\t\t\t<\/div>\n\t\t<div class=\"elementor-element elementor-element-27f8596 elementor-hidden-desktop elementor-hidden-mobile e-flex e-con-boxed e-con e-parent\" data-id=\"27f8596\" data-element_type=\"container\" data-e-type=\"container\" data-settings=\"{&quot;background_background&quot;:&quot;classic&quot;}\">\n\t\t\t\t\t<div class=\"e-con-inner\">\n\t\t<div class=\"elementor-element elementor-element-f3ad0cf e-con-full e-flex e-con e-child\" data-id=\"f3ad0cf\" data-element_type=\"container\" data-e-type=\"container\">\n\t\t\t\t<div class=\"elementor-element elementor-element-7b32be9 elementor-widget elementor-widget-image\" data-id=\"7b32be9\" data-element_type=\"widget\" data-e-type=\"widget\" data-widget_type=\"image.default\">\n\t\t\t\t\t\t\t\t\t\t\t\t\t\t\t<img decoding=\"async\" width=\"704\" height=\"64\" src=\"https:\/\/karllagerfeldresidenceslisboa.com\/wp-content\/uploads\/2025\/10\/logo-kl.webp\" class=\"attachment-large size-large wp-image-341\" alt=\"\" srcset=\"https:\/\/karllagerfeldresidenceslisboa.com\/wp-content\/uploads\/2025\/10\/logo-kl.webp 704w, https:\/\/karllagerfeldresidenceslisboa.com\/wp-content\/uploads\/2025\/10\/logo-kl-300x27.webp 300w\" sizes=\"(max-width: 704px) 100vw, 704px\" \/>\t\t\t\t\t\t\t\t\t\t\t\t\t\t\t<\/div>\n\t\t\t\t<\/div>\n\t\t<div class=\"elementor-element elementor-element-07765f4 e-con-full e-flex e-con e-child\" data-id=\"07765f4\" data-element_type=\"container\" data-e-type=\"container\">\n\t\t\t\t<div class=\"elementor-element elementor-element-56927e0 elementor-widget elementor-widget-image\" data-id=\"56927e0\" data-element_type=\"widget\" data-e-type=\"widget\" data-widget_type=\"image.default\">\n\t\t\t\t\t\t\t\t\t\t\t\t\t\t\t\t<a href=\"https:\/\/overseasglobal.com\" target=\"_blank\">\n\t\t\t\t\t\t\t<img decoding=\"async\" width=\"800\" height=\"325\" src=\"https:\/\/karllagerfeldresidenceslisboa.com\/wp-content\/uploads\/2025\/10\/Overseas-LOGO-RGB-1024x416.png\" class=\"attachment-large size-large wp-image-123\" alt=\"\" srcset=\"https:\/\/karllagerfeldresidenceslisboa.com\/wp-content\/uploads\/2025\/10\/Overseas-LOGO-RGB-1024x416.png 1024w, https:\/\/karllagerfeldresidenceslisboa.com\/wp-content\/uploads\/2025\/10\/Overseas-LOGO-RGB-300x122.png 300w, https:\/\/karllagerfeldresidenceslisboa.com\/wp-content\/uploads\/2025\/10\/Overseas-LOGO-RGB-768x312.png 768w, https:\/\/karllagerfeldresidenceslisboa.com\/wp-content\/uploads\/2025\/10\/Overseas-LOGO-RGB-1536x624.png 1536w, https:\/\/karllagerfeldresidenceslisboa.com\/wp-content\/uploads\/2025\/10\/Overseas-LOGO-RGB.png 1921w\" sizes=\"(max-width: 800px) 100vw, 800px\" \/>\t\t\t\t\t\t\t\t<\/a>\n\t\t\t\t\t\t\t\t\t\t\t\t\t\t\t<\/div>\n\t\t\t\t<\/div>\n\t\t\t\t\t<\/div>\n\t\t\t\t<\/div>\n\t\t<div class=\"elementor-element elementor-element-15e93e7 e-con-full e-flex e-con e-parent\" data-id=\"15e93e7\" data-element_type=\"container\" data-e-type=\"container\" data-settings=\"{&quot;background_background&quot;:&quot;classic&quot;}\">\n\t\t<div class=\"elementor-element elementor-element-3a16e35 e-con-full e-flex e-con e-child\" data-id=\"3a16e35\" data-element_type=\"container\" data-e-type=\"container\">\n\t\t\t\t<div class=\"elementor-element elementor-element-593250d elementor-widget elementor-widget-text-editor\" data-id=\"593250d\" data-element_type=\"widget\" data-e-type=\"widget\" data-widget_type=\"text-editor.default\">\n\t\t\t\t\t\t\t\t\t\u00a9 KARL LAGERFELD RESIDENCES LISBOA 2025 \u2022 <a href=\"https:\/\/karllagerfeldresidenceslisboa.com\/en\/politica-de-privacidade\/\">Privacy Policy<\/a>\u00a0 \u2022\u00a0 <a href=\"https:\/\/karllagerfeldresidenceslisboa.com\/en\/aviso-legal\/\">Legal Notice<\/a> \u2022\u00a0 <a href=\"https:\/\/karllagerfeldresidenceslisboa.com\/en\/politica-de-cookies\/\">Cookies Policy<\/a>\t\t\t\t\t\t\t\t<\/div>\n\t\t\t\t<\/div>\n\t\t\t\t<\/div>\n\t\t\t\t<\/div>","protected":false},"excerpt":{"rendered":"<p>Home\u00a0 \u2022 Pol\u00edtica de Cookies Pol\u00edtica de Cookies Data de Vig\u00eancia: 1 de agosto de 2025 Esta Pol\u00edtica de Cookies explica como o nosso website utiliza cookies e tecnologias semelhantes para melhorar a sua experi\u00eancia, entender a utiliza\u00e7\u00e3o do site e fornecer conte\u00fado e publicidade personalizados. 1. O Que S\u00e3o Cookies? Cookies s\u00e3o pequenos ficheiros [&hellip;]<\/p>\n","protected":false},"author":1,"featured_media":0,"parent":0,"menu_order":0,"comment_status":"closed","ping_status":"closed","template":"elementor_canvas","meta":{"footnotes":""},"class_list":["post-226","page","type-page","status-publish","hentry"],"_links":{"self":[{"href":"https:\/\/karllagerfeldresidenceslisboa.com\/en\/wp-json\/wp\/v2\/pages\/226","targetHints":{"allow":["GET"]}}],"collection":[{"href":"https:\/\/karllagerfeldresidenceslisboa.com\/en\/wp-json\/wp\/v2\/pages"}],"about":[{"href":"https:\/\/karllagerfeldresidenceslisboa.com\/en\/wp-json\/wp\/v2\/types\/page"}],"author":[{"embeddable":true,"href":"https:\/\/karllagerfeldresidenceslisboa.com\/en\/wp-json\/wp\/v2\/users\/1"}],"replies":[{"embeddable":true,"href":"https:\/\/karllagerfeldresidenceslisboa.com\/en\/wp-json\/wp\/v2\/comments?post=226"}],"version-history":[{"count":37,"href":"https:\/\/karllagerfeldresidenceslisboa.com\/en\/wp-json\/wp\/v2\/pages\/226\/revisions"}],"predecessor-version":[{"id":514,"href":"https:\/\/karllagerfeldresidenceslisboa.com\/en\/wp-json\/wp\/v2\/pages\/226\/revisions\/514"}],"wp:attachment":[{"href":"https:\/\/karllagerfeldresidenceslisboa.com\/en\/wp-json\/wp\/v2\/media?parent=226"}],"curies":[{"name":"wp","href":"https:\/\/api.w.org\/{rel}","templated":true}]}}