{"id":240,"date":"2025-10-07T13:40:12","date_gmt":"2025-10-07T13:40:12","guid":{"rendered":"https:\/\/karllagerfeldresidenceslisboa.com\/?page_id=240"},"modified":"2025-10-17T17:38:30","modified_gmt":"2025-10-17T17:38:30","slug":"aviso-legal","status":"publish","type":"page","link":"https:\/\/karllagerfeldresidenceslisboa.com\/es\/aviso-legal\/","title":{"rendered":"Aviso Legal"},"content":{"rendered":"<div data-elementor-type=\"wp-page\" data-elementor-id=\"240\" class=\"elementor elementor-240\" data-elementor-post-type=\"page\">\n\t\t\t\t<div class=\"elementor-element elementor-element-7602a19 e-con-full e-flex e-con e-parent\" data-id=\"7602a19\" data-element_type=\"container\" data-e-type=\"container\">\n\t\t<div class=\"elementor-element elementor-element-bbd9bfd e-flex e-con-boxed e-con e-child\" data-id=\"bbd9bfd\" data-element_type=\"container\" data-e-type=\"container\">\n\t\t\t\t\t<div class=\"e-con-inner\">\n\t\t<div class=\"elementor-element elementor-element-783171b e-con-full e-flex e-con e-child\" data-id=\"783171b\" data-element_type=\"container\" data-e-type=\"container\">\n\t\t<div class=\"elementor-element elementor-element-c5d7293 e-flex e-con-boxed e-con e-child\" data-id=\"c5d7293\" data-element_type=\"container\" data-e-type=\"container\">\n\t\t\t\t\t<div class=\"e-con-inner\">\n\t\t\t\t<div class=\"elementor-element elementor-element-e932b91 elementor-widget elementor-widget-image\" data-id=\"e932b91\" data-element_type=\"widget\" data-e-type=\"widget\" data-widget_type=\"image.default\">\n\t\t\t\t\t\t\t\t\t\t\t\t\t\t\t\t<a href=\"https:\/\/karllagerfeldresidenceslisboa.com\/es\/\">\n\t\t\t\t\t\t\t<img fetchpriority=\"high\" decoding=\"async\" width=\"800\" height=\"322\" src=\"https:\/\/karllagerfeldresidenceslisboa.com\/wp-content\/uploads\/2025\/10\/KL_LOGO_PRETO-1024x412.png\" class=\"attachment-large size-large wp-image-432\" alt=\"\" srcset=\"https:\/\/karllagerfeldresidenceslisboa.com\/wp-content\/uploads\/2025\/10\/KL_LOGO_PRETO-1024x412.png 1024w, https:\/\/karllagerfeldresidenceslisboa.com\/wp-content\/uploads\/2025\/10\/KL_LOGO_PRETO-300x121.png 300w, https:\/\/karllagerfeldresidenceslisboa.com\/wp-content\/uploads\/2025\/10\/KL_LOGO_PRETO-768x309.png 768w, https:\/\/karllagerfeldresidenceslisboa.com\/wp-content\/uploads\/2025\/10\/KL_LOGO_PRETO-1536x617.png 1536w, https:\/\/karllagerfeldresidenceslisboa.com\/wp-content\/uploads\/2025\/10\/KL_LOGO_PRETO-2048x823.png 2048w, https:\/\/karllagerfeldresidenceslisboa.com\/wp-content\/uploads\/2025\/10\/KL_LOGO_PRETO-18x7.png 18w\" sizes=\"(max-width: 800px) 100vw, 800px\" \/>\t\t\t\t\t\t\t\t<\/a>\n\t\t\t\t\t\t\t\t\t\t\t\t\t\t\t<\/div>\n\t\t\t\t\t<\/div>\n\t\t\t\t<\/div>\n\t\t<div class=\"elementor-element elementor-element-c4afdbe e-flex e-con-boxed e-con e-child\" data-id=\"c4afdbe\" data-element_type=\"container\" data-e-type=\"container\">\n\t\t\t\t\t<div class=\"e-con-inner\">\n\t\t\t\t<div class=\"elementor-element elementor-element-485638d elementor-widget elementor-widget-text-editor\" data-id=\"485638d\" data-element_type=\"widget\" data-e-type=\"widget\" data-widget_type=\"text-editor.default\">\n\t\t\t\t\t\t\t\t\t<p><a href=\"https:\/\/karllagerfeldresidenceslisboa.com\/es\/\">Home<\/a>\u00a0 \u2022 <strong>Pol\u00edtica de Privacidad<\/strong><\/p>\t\t\t\t\t\t\t\t<\/div>\n\t\t\t\t\t<\/div>\n\t\t\t\t<\/div>\n\t\t\t\t<\/div>\n\t\t\t\t<div class=\"elementor-element elementor-element-7b0e016 elementor-widget elementor-widget-spacer\" data-id=\"7b0e016\" data-element_type=\"widget\" data-e-type=\"widget\" data-widget_type=\"spacer.default\">\n\t\t\t\t\t\t\t<div class=\"elementor-spacer\">\n\t\t\t<div class=\"elementor-spacer-inner\"><\/div>\n\t\t<\/div>\n\t\t\t\t\t\t<\/div>\n\t\t<div class=\"elementor-element elementor-element-c1b72d9 e-con-full e-flex e-con e-child\" data-id=\"c1b72d9\" data-element_type=\"container\" data-e-type=\"container\">\n\t\t<div class=\"elementor-element elementor-element-00d2ad1 e-con-full e-flex e-con e-child\" data-id=\"00d2ad1\" data-element_type=\"container\" data-e-type=\"container\">\n\t\t\t\t<div class=\"elementor-element elementor-element-7c66a98 elementor-widget elementor-widget-heading\" data-id=\"7c66a98\" data-element_type=\"widget\" data-e-type=\"widget\" data-widget_type=\"heading.default\">\n\t\t\t\t\t<h2 class=\"elementor-heading-title elementor-size-default\">Aviso Legal<\/h2>\t\t\t\t<\/div>\n\t\t\t\t<div class=\"elementor-element elementor-element-1be9de0 elementor-widget elementor-widget-text-editor\" data-id=\"1be9de0\" data-element_type=\"widget\" data-e-type=\"widget\" data-widget_type=\"text-editor.default\">\n\t\t\t\t\t\t\t\t\t<p>Fecha de vigencia: 1 de agosto de 2025<\/p>\t\t\t\t\t\t\t\t<\/div>\n\t\t\t\t<div class=\"elementor-element elementor-element-c8832c0 elementor-widget elementor-widget-text-editor\" data-id=\"c8832c0\" data-element_type=\"widget\" data-e-type=\"widget\" data-widget_type=\"text-editor.default\">\n\t\t\t\t\t\t\t\t\t<p>Este Aviso Legal proporciona informaci\u00f3n importante sobre el sitio web, su titularidad y sus condiciones de uso. Al acceder y utilizar este sitio web, usted acepta las siguientes condiciones:<\/p>\t\t\t\t\t\t\t\t<\/div>\n\t\t\t\t<div class=\"elementor-element elementor-element-6e38ef1 elementor-widget elementor-widget-heading\" data-id=\"6e38ef1\" data-element_type=\"widget\" data-e-type=\"widget\" data-widget_type=\"heading.default\">\n\t\t\t\t\t<h2 class=\"elementor-heading-title elementor-size-default\">1. Propiedad y Gesti\u00f3n<\/h2>\t\t\t\t<\/div>\n\t\t\t\t<div class=\"elementor-element elementor-element-89b869d elementor-widget elementor-widget-text-editor\" data-id=\"89b869d\" data-element_type=\"widget\" data-e-type=\"widget\" data-widget_type=\"text-editor.default\">\n\t\t\t\t\t\t\t\t\t<p>Este sitio es gestionado por:<\/p><ul><li><strong>OVERSEASESTATE S.A<\/strong>. (NIF: 516972960)\u2028<\/li><\/ul><p>Direcci\u00f3n: Rua Alexandre Herculano, N\u00ba25, 1\u00ba andar, 1250-008 Lisboa, Portugal\u2028<\/p><p class=\"translation-block\">\u2028Contacto: <a href=\"mailto:info@karllagerfeldresidences.com\" target=\"_self\">info@karllagerfeldresidences.com<\/a><\/p>\t\t\t\t\t\t\t\t<\/div>\n\t\t\t\t<div class=\"elementor-element elementor-element-c953dfb elementor-widget elementor-widget-heading\" data-id=\"c953dfb\" data-element_type=\"widget\" data-e-type=\"widget\" data-widget_type=\"heading.default\">\n\t\t\t\t\t<h2 class=\"elementor-heading-title elementor-size-default\">2. Propiedad intelectual<\/h2>\t\t\t\t<\/div>\n\t\t\t\t<div class=\"elementor-element elementor-element-4a12620 elementor-widget elementor-widget-text-editor\" data-id=\"4a12620\" data-element_type=\"widget\" data-e-type=\"widget\" data-widget_type=\"text-editor.default\">\n\t\t\t\t\t\t\t\t\t<p>Todo el contenido est\u00e1 protegido por derechos de autor y marcas. Se proh\u00edbe su reproducci\u00f3n sin permiso.<\/p>\t\t\t\t\t\t\t\t<\/div>\n\t\t\t\t<div class=\"elementor-element elementor-element-9aa8c7a elementor-widget elementor-widget-heading\" data-id=\"9aa8c7a\" data-element_type=\"widget\" data-e-type=\"widget\" data-widget_type=\"heading.default\">\n\t\t\t\t\t<h2 class=\"elementor-heading-title elementor-size-default\">3. Uso del sitio y responsabilidad<\/h2>\t\t\t\t<\/div>\n\t\t\t\t<div class=\"elementor-element elementor-element-82fbc76 elementor-widget elementor-widget-text-editor\" data-id=\"82fbc76\" data-element_type=\"widget\" data-e-type=\"widget\" data-widget_type=\"text-editor.default\">\n\t\t\t\t\t\t\t\t\t<ul><li>La informaci\u00f3n de este sitio web se proporciona \u00fanicamente con fines informativos generales. No constituye una oferta, asesoramiento ni garant\u00eda de ning\u00fan tipo.<\/li><li>Nos esforzamos por garantizar la exactitud y actualidad de la informaci\u00f3n, pero no podemos garantizar que todo el contenido est\u00e9 siempre actualizado o libre de errores.<\/li><li>Rechazamos expresamente cualquier responsabilidad por da\u00f1os, p\u00e9rdidas o inconvenientes que surjan de su uso del sitio web o de su confianza en su contenido.<\/li><\/ul>\t\t\t\t\t\t\t\t<\/div>\n\t\t\t\t<div class=\"elementor-element elementor-element-23dcf6a elementor-widget elementor-widget-heading\" data-id=\"23dcf6a\" data-element_type=\"widget\" data-e-type=\"widget\" data-widget_type=\"heading.default\">\n\t\t\t\t\t<h2 class=\"elementor-heading-title elementor-size-default\">4. Enlaces externos<\/h2>\t\t\t\t<\/div>\n\t\t\t\t<div class=\"elementor-element elementor-element-7529d16 elementor-widget elementor-widget-text-editor\" data-id=\"7529d16\" data-element_type=\"widget\" data-e-type=\"widget\" data-widget_type=\"text-editor.default\">\n\t\t\t\t\t\t\t\t\t<p>No somos responsables de sitios terceros enlazados.<\/p>\t\t\t\t\t\t\t\t<\/div>\n\t\t\t\t<div class=\"elementor-element elementor-element-87d07b1 elementor-widget elementor-widget-heading\" data-id=\"87d07b1\" data-element_type=\"widget\" data-e-type=\"widget\" data-widget_type=\"heading.default\">\n\t\t\t\t\t<h2 class=\"elementor-heading-title elementor-size-default\">5. Ley aplicable<\/h2>\t\t\t\t<\/div>\n\t\t\t\t<div class=\"elementor-element elementor-element-0aa43b2 elementor-widget elementor-widget-text-editor\" data-id=\"0aa43b2\" data-element_type=\"widget\" data-e-type=\"widget\" data-widget_type=\"text-editor.default\">\n\t\t\t\t\t\t\t\t\t<p>Se aplica la legislaci\u00f3n portuguesa; tribunales de Lisboa competentes.<\/p>\t\t\t\t\t\t\t\t<\/div>\n\t\t\t\t<div class=\"elementor-element elementor-element-3f67683 elementor-widget elementor-widget-spacer\" data-id=\"3f67683\" data-element_type=\"widget\" data-e-type=\"widget\" data-widget_type=\"spacer.default\">\n\t\t\t\t\t\t\t<div class=\"elementor-spacer\">\n\t\t\t<div class=\"elementor-spacer-inner\"><\/div>\n\t\t<\/div>\n\t\t\t\t\t\t<\/div>\n\t\t\t\t<\/div>\n\t\t\t\t<\/div>\n\t\t\t\t\t<\/div>\n\t\t\t\t<\/div>\n\t\t\t\t<\/div>\n\t\t<div class=\"elementor-element elementor-element-d4d6eb9 elementor-hidden-tablet e-flex e-con-boxed e-con e-parent\" data-id=\"d4d6eb9\" data-element_type=\"container\" data-e-type=\"container\" data-settings=\"{&quot;background_background&quot;:&quot;classic&quot;}\">\n\t\t\t\t\t<div class=\"e-con-inner\">\n\t\t<div class=\"elementor-element elementor-element-dbd9e77 e-con-full e-flex e-con e-child\" data-id=\"dbd9e77\" data-element_type=\"container\" data-e-type=\"container\">\n\t\t\t\t<div class=\"elementor-element elementor-element-b988375 elementor-widget elementor-widget-heading\" data-id=\"b988375\" data-element_type=\"widget\" data-e-type=\"widget\" data-widget_type=\"heading.default\">\n\t\t\t\t\t<h2 class=\"elementor-heading-title elementor-size-default\">UBICACI\u00d3N<\/h2>\t\t\t\t<\/div>\n\t\t\t\t<div class=\"elementor-element elementor-element-b06dcfe elementor-widget elementor-widget-text-editor\" data-id=\"b06dcfe\" data-element_type=\"widget\" data-e-type=\"widget\" data-widget_type=\"text-editor.default\">\n\t\t\t\t\t\t\t\t\tR. Braamcamp 48\u2028<\/br>1250-051 Lisboa, Portugal\t\t\t\t\t\t\t\t<\/div>\n\t\t\t\t<\/div>\n\t\t<div class=\"elementor-element elementor-element-e559f11 e-con-full e-flex e-con e-child\" data-id=\"e559f11\" data-element_type=\"container\" data-e-type=\"container\">\n\t\t\t\t<div class=\"elementor-element elementor-element-071d70f elementor-widget elementor-widget-heading\" data-id=\"071d70f\" data-element_type=\"widget\" data-e-type=\"widget\" data-widget_type=\"heading.default\">\n\t\t\t\t\t<h2 class=\"elementor-heading-title elementor-size-default\">CONTACTO<\/h2>\t\t\t\t<\/div>\n\t\t\t\t<div class=\"elementor-element elementor-element-a42b4a8 elementor-widget elementor-widget-text-editor\" data-id=\"a42b4a8\" data-element_type=\"widget\" data-e-type=\"widget\" data-widget_type=\"text-editor.default\">\n\t\t\t\t\t\t\t\t\t+351 911 741 900<br\/>\n<a href=\"mailto:info@karllagerfeldresidenceslisboa.com\">info@karllagerfeldresidenceslisboa.com<\/a>\t\t\t\t\t\t\t\t<\/div>\n\t\t\t\t<\/div>\n\t\t<div class=\"elementor-element elementor-element-1bb52a6 e-con-full e-flex e-con e-child\" data-id=\"1bb52a6\" data-element_type=\"container\" data-e-type=\"container\">\n\t\t\t\t<div class=\"elementor-element elementor-element-b186f19 elementor-widget elementor-widget-image\" data-id=\"b186f19\" data-element_type=\"widget\" data-e-type=\"widget\" data-widget_type=\"image.default\">\n\t\t\t\t\t\t\t\t\t\t\t\t\t\t\t<img decoding=\"async\" width=\"704\" height=\"64\" src=\"https:\/\/karllagerfeldresidenceslisboa.com\/wp-content\/uploads\/2025\/10\/logo-kl.webp\" class=\"attachment-large size-large wp-image-341\" alt=\"\" srcset=\"https:\/\/karllagerfeldresidenceslisboa.com\/wp-content\/uploads\/2025\/10\/logo-kl.webp 704w, https:\/\/karllagerfeldresidenceslisboa.com\/wp-content\/uploads\/2025\/10\/logo-kl-300x27.webp 300w\" sizes=\"(max-width: 704px) 100vw, 704px\" \/>\t\t\t\t\t\t\t\t\t\t\t\t\t\t\t<\/div>\n\t\t\t\t<\/div>\n\t\t<div class=\"elementor-element elementor-element-8105ac0 e-con-full e-flex e-con e-child\" data-id=\"8105ac0\" data-element_type=\"container\" data-e-type=\"container\">\n\t\t\t\t<div class=\"elementor-element elementor-element-025cac1 elementor-widget elementor-widget-image\" data-id=\"025cac1\" data-element_type=\"widget\" data-e-type=\"widget\" data-widget_type=\"image.default\">\n\t\t\t\t\t\t\t\t\t\t\t\t\t\t\t\t<a href=\"https:\/\/overseasglobal.com\" target=\"_blank\">\n\t\t\t\t\t\t\t<img decoding=\"async\" width=\"800\" height=\"325\" src=\"https:\/\/karllagerfeldresidenceslisboa.com\/wp-content\/uploads\/2025\/10\/Overseas-LOGO-RGB-1024x416.png\" class=\"attachment-large size-large wp-image-123\" alt=\"\" srcset=\"https:\/\/karllagerfeldresidenceslisboa.com\/wp-content\/uploads\/2025\/10\/Overseas-LOGO-RGB-1024x416.png 1024w, https:\/\/karllagerfeldresidenceslisboa.com\/wp-content\/uploads\/2025\/10\/Overseas-LOGO-RGB-300x122.png 300w, https:\/\/karllagerfeldresidenceslisboa.com\/wp-content\/uploads\/2025\/10\/Overseas-LOGO-RGB-768x312.png 768w, https:\/\/karllagerfeldresidenceslisboa.com\/wp-content\/uploads\/2025\/10\/Overseas-LOGO-RGB-1536x624.png 1536w, https:\/\/karllagerfeldresidenceslisboa.com\/wp-content\/uploads\/2025\/10\/Overseas-LOGO-RGB.png 1921w\" sizes=\"(max-width: 800px) 100vw, 800px\" \/>\t\t\t\t\t\t\t\t<\/a>\n\t\t\t\t\t\t\t\t\t\t\t\t\t\t\t<\/div>\n\t\t\t\t<\/div>\n\t\t\t\t\t<\/div>\n\t\t\t\t<\/div>\n\t\t<div class=\"elementor-element elementor-element-06e4a7b elementor-hidden-desktop elementor-hidden-mobile e-flex e-con-boxed e-con e-parent\" data-id=\"06e4a7b\" data-element_type=\"container\" data-e-type=\"container\" data-settings=\"{&quot;background_background&quot;:&quot;classic&quot;}\">\n\t\t\t\t\t<div class=\"e-con-inner\">\n\t\t<div class=\"elementor-element elementor-element-ed59989 e-con-full e-flex e-con e-child\" data-id=\"ed59989\" data-element_type=\"container\" data-e-type=\"container\">\n\t\t\t\t<div class=\"elementor-element elementor-element-2f5fb1b elementor-widget elementor-widget-heading\" data-id=\"2f5fb1b\" data-element_type=\"widget\" data-e-type=\"widget\" data-widget_type=\"heading.default\">\n\t\t\t\t\t<h2 class=\"elementor-heading-title elementor-size-default\">UBICACI\u00d3N<\/h2>\t\t\t\t<\/div>\n\t\t\t\t<div class=\"elementor-element elementor-element-7a1033d elementor-widget elementor-widget-text-editor\" data-id=\"7a1033d\" data-element_type=\"widget\" data-e-type=\"widget\" data-widget_type=\"text-editor.default\">\n\t\t\t\t\t\t\t\t\tR. Braamcamp 48\u2028<\/br>1250-051 Lisboa, Portugal\t\t\t\t\t\t\t\t<\/div>\n\t\t\t\t<\/div>\n\t\t<div class=\"elementor-element elementor-element-6b604cb e-con-full e-flex e-con e-child\" data-id=\"6b604cb\" data-element_type=\"container\" data-e-type=\"container\">\n\t\t\t\t<div class=\"elementor-element elementor-element-248f317 elementor-widget elementor-widget-heading\" data-id=\"248f317\" data-element_type=\"widget\" data-e-type=\"widget\" data-widget_type=\"heading.default\">\n\t\t\t\t\t<h2 class=\"elementor-heading-title elementor-size-default\">CONTACTO<\/h2>\t\t\t\t<\/div>\n\t\t\t\t<div class=\"elementor-element elementor-element-19ab870 elementor-widget elementor-widget-text-editor\" data-id=\"19ab870\" data-element_type=\"widget\" data-e-type=\"widget\" data-widget_type=\"text-editor.default\">\n\t\t\t\t\t\t\t\t\t+351 911 741 900<br\/>\n<a href=\"mailto:info@karllagerfeldresidenceslisboa.com\">info@karllagerfeldresidenceslisboa.com<\/a>\t\t\t\t\t\t\t\t<\/div>\n\t\t\t\t<\/div>\n\t\t\t\t\t<\/div>\n\t\t\t\t<\/div>\n\t\t<div class=\"elementor-element elementor-element-4ec604b elementor-hidden-desktop elementor-hidden-mobile e-flex e-con-boxed e-con e-parent\" data-id=\"4ec604b\" data-element_type=\"container\" data-e-type=\"container\" data-settings=\"{&quot;background_background&quot;:&quot;classic&quot;}\">\n\t\t\t\t\t<div class=\"e-con-inner\">\n\t\t<div class=\"elementor-element elementor-element-97436d2 e-con-full e-flex e-con e-child\" data-id=\"97436d2\" data-element_type=\"container\" data-e-type=\"container\">\n\t\t\t\t<div class=\"elementor-element elementor-element-e9b9292 elementor-widget elementor-widget-image\" data-id=\"e9b9292\" data-element_type=\"widget\" data-e-type=\"widget\" data-widget_type=\"image.default\">\n\t\t\t\t\t\t\t\t\t\t\t\t\t\t\t<img decoding=\"async\" width=\"704\" height=\"64\" src=\"https:\/\/karllagerfeldresidenceslisboa.com\/wp-content\/uploads\/2025\/10\/logo-kl.webp\" class=\"attachment-large size-large wp-image-341\" alt=\"\" srcset=\"https:\/\/karllagerfeldresidenceslisboa.com\/wp-content\/uploads\/2025\/10\/logo-kl.webp 704w, https:\/\/karllagerfeldresidenceslisboa.com\/wp-content\/uploads\/2025\/10\/logo-kl-300x27.webp 300w\" sizes=\"(max-width: 704px) 100vw, 704px\" \/>\t\t\t\t\t\t\t\t\t\t\t\t\t\t\t<\/div>\n\t\t\t\t<\/div>\n\t\t<div class=\"elementor-element elementor-element-0b06c14 e-con-full e-flex e-con e-child\" data-id=\"0b06c14\" data-element_type=\"container\" data-e-type=\"container\">\n\t\t\t\t<div class=\"elementor-element elementor-element-9a768cd elementor-widget elementor-widget-image\" data-id=\"9a768cd\" data-element_type=\"widget\" data-e-type=\"widget\" data-widget_type=\"image.default\">\n\t\t\t\t\t\t\t\t\t\t\t\t\t\t\t\t<a href=\"https:\/\/overseasglobal.com\" target=\"_blank\">\n\t\t\t\t\t\t\t<img decoding=\"async\" width=\"800\" height=\"325\" src=\"https:\/\/karllagerfeldresidenceslisboa.com\/wp-content\/uploads\/2025\/10\/Overseas-LOGO-RGB-1024x416.png\" class=\"attachment-large size-large wp-image-123\" alt=\"\" srcset=\"https:\/\/karllagerfeldresidenceslisboa.com\/wp-content\/uploads\/2025\/10\/Overseas-LOGO-RGB-1024x416.png 1024w, https:\/\/karllagerfeldresidenceslisboa.com\/wp-content\/uploads\/2025\/10\/Overseas-LOGO-RGB-300x122.png 300w, https:\/\/karllagerfeldresidenceslisboa.com\/wp-content\/uploads\/2025\/10\/Overseas-LOGO-RGB-768x312.png 768w, https:\/\/karllagerfeldresidenceslisboa.com\/wp-content\/uploads\/2025\/10\/Overseas-LOGO-RGB-1536x624.png 1536w, https:\/\/karllagerfeldresidenceslisboa.com\/wp-content\/uploads\/2025\/10\/Overseas-LOGO-RGB.png 1921w\" sizes=\"(max-width: 800px) 100vw, 800px\" \/>\t\t\t\t\t\t\t\t<\/a>\n\t\t\t\t\t\t\t\t\t\t\t\t\t\t\t<\/div>\n\t\t\t\t<\/div>\n\t\t\t\t\t<\/div>\n\t\t\t\t<\/div>\n\t\t<div class=\"elementor-element elementor-element-17b2ba5 e-con-full e-flex e-con e-parent\" data-id=\"17b2ba5\" data-element_type=\"container\" data-e-type=\"container\" data-settings=\"{&quot;background_background&quot;:&quot;classic&quot;}\">\n\t\t<div class=\"elementor-element elementor-element-99431a2 e-con-full e-flex e-con e-child\" data-id=\"99431a2\" data-element_type=\"container\" data-e-type=\"container\">\n\t\t\t\t<div class=\"elementor-element elementor-element-a7a9a66 elementor-widget elementor-widget-text-editor\" data-id=\"a7a9a66\" data-element_type=\"widget\" data-e-type=\"widget\" data-widget_type=\"text-editor.default\">\n\t\t\t\t\t\t\t\t\t\u00a9 KARL LAGERFELD RESIDENCES LISBOA 2025 \u2022 <a href=\"https:\/\/karllagerfeldresidenceslisboa.com\/es\/politica-de-privacidade\/\">Pol\u00edtica de Privacidad<\/a>\u00a0 \u2022\u00a0 <a href=\"https:\/\/karllagerfeldresidenceslisboa.com\/es\/aviso-legal\/\">Aviso Legal<\/a> \u2022\u00a0 <a href=\"https:\/\/karllagerfeldresidenceslisboa.com\/es\/politica-de-cookies\/\">Pol\u00edtica de Cookies<\/a>\t\t\t\t\t\t\t\t<\/div>\n\t\t\t\t<\/div>\n\t\t\t\t<\/div>\n\t\t\t\t<\/div>","protected":false},"excerpt":{"rendered":"<p>Home\u00a0 \u2022 Pol\u00edtica de Privacidade Aviso Legal Data de Vig\u00eancia: 1 de agosto de 2025 Este Aviso Legal cont\u00e9m informa\u00e7\u00f5es importantes sobre este website, a sua propriedade e os termos de utiliza\u00e7\u00e3o. Ao aceder e utilizar este site, concorda com os termos abaixo descritos. 1. Propriedade e Gest\u00e3o Este website \u00e9 gerido por: OVERSEASESTATE S.A. [&hellip;]<\/p>\n","protected":false},"author":1,"featured_media":0,"parent":0,"menu_order":0,"comment_status":"closed","ping_status":"closed","template":"elementor_canvas","meta":{"footnotes":""},"class_list":["post-240","page","type-page","status-publish","hentry"],"_links":{"self":[{"href":"https:\/\/karllagerfeldresidenceslisboa.com\/es\/wp-json\/wp\/v2\/pages\/240","targetHints":{"allow":["GET"]}}],"collection":[{"href":"https:\/\/karllagerfeldresidenceslisboa.com\/es\/wp-json\/wp\/v2\/pages"}],"about":[{"href":"https:\/\/karllagerfeldresidenceslisboa.com\/es\/wp-json\/wp\/v2\/types\/page"}],"author":[{"embeddable":true,"href":"https:\/\/karllagerfeldresidenceslisboa.com\/es\/wp-json\/wp\/v2\/users\/1"}],"replies":[{"embeddable":true,"href":"https:\/\/karllagerfeldresidenceslisboa.com\/es\/wp-json\/wp\/v2\/comments?post=240"}],"version-history":[{"count":19,"href":"https:\/\/karllagerfeldresidenceslisboa.com\/es\/wp-json\/wp\/v2\/pages\/240\/revisions"}],"predecessor-version":[{"id":508,"href":"https:\/\/karllagerfeldresidenceslisboa.com\/es\/wp-json\/wp\/v2\/pages\/240\/revisions\/508"}],"wp:attachment":[{"href":"https:\/\/karllagerfeldresidenceslisboa.com\/es\/wp-json\/wp\/v2\/media?parent=240"}],"curies":[{"name":"wp","href":"https:\/\/api.w.org\/{rel}","templated":true}]}}